{"id":1455,"date":"2016-09-28T22:45:35","date_gmt":"2016-09-28T22:45:35","guid":{"rendered":"http:\/\/marcogovel.com\/en\/galeria\/"},"modified":"2019-12-03T11:48:52","modified_gmt":"2019-12-03T11:48:52","slug":"galeria-fotografica-marco-govel","status":"publish","type":"page","link":"http:\/\/marcogovel.com\/en\/galeria-fotografica-marco-govel\/","title":{"rendered":"Galeria"},"content":{"rendered":"<div class=\"wpb-content-wrapper\"><p>[vc_row margin_top=&#8221;-45&#8243; full_width_row=&#8221;true&#8221;][vc_column][vc_masonry_media_grid style=&#8221;lazy&#8221; element_width=&#8221;3&#8243; gap=&#8221;3&#8243; item=&#8221;897&#8243; grid_id=&#8221;vc_gid:1489429959092-5c131ebb-4824-0&#8243; include=&#8221;1228,1215,1506,1340,1512,1244,1324,1593,1296,1204,1197,1329,1590,1350,1338,1355,1577,1203,1591,1563,1315,1348,1500,1342,1210,1490,1319,1557,1300,1310,1291,1588,1322,1140,1339,1305,1207,1321,1302,1269,1287,1346,1579,1208,1358,1294,1232,1312,1320,1344,1592,1220,1198,1260,1205,1292,1206,1575,1249,1246,1333,1280,1196,1298,1219,1262,1138,1223,1231,1544,1281,1216,1317,1328,1323,1361,1195,1250,1293,1242,1221,1362,1275,1224,1264,1248,1353,1227,1258,1214,1352,1233,1239,1202,1200,1236,1270,1263,1306,1297,1318,1307,1337,1241,1229,1255,1327,1218,1343,1314,1222,1341,1278,1247,1595,1243,1326,1271,1213,1209,1267,1252,1245,1332,1256,1325,1295,1502,1211,1225,1253,1491,1274,1254,1507,1354,1199,1279,1556,1257,1334,1497,1582,1303,1574,1237,1347,1570,1238,1265,1364,1276,1217,1519,1331,1286,1510,1268,1240,1335,1513,1212,1547,1290,1226,1273,1251,1288,1526,1259,1194,1561,1316,1560,1235,1193,1272,1356,1584,1336,1301,702,1304,1311,704,1230,706,1345,710,1572,1330,712,705,1598,708,1367,1503,1266,1299,709,1034,1277,1201,1518,1568,711,1531,701,687,1162,1586,700,1289,1104,697,698,696,1363,1111,1313,694,693,715,1145,703,1121,1596,707,1516,692,691,690,689,688,1535,1511,686,685,1308,684,1151,725,1366,724,723,1589,722,1349,1105,721,720,1540,1159,716,717,1351,718,719,1097,732,1537,733,734,1550,1359,1148,735,736,1573,1132,1580,1504,1546,1122,737,738,1134,1548,739,740,1525,741,1360,1093,1103,744,1599,745,1365,1077,746,1120,1581,748,1521,1532,1143,1128,1529,749,1565,1578,1495,750,1234,1509,751,1551,1136,752,1498,753,784,1552,1514,785,1534,1501,1576,1133,786,1542,787,788,1152,789,1116,790,1130,791,792,1039,794,1084,38,1087,1554,39,49,306,305,699,1119,1100,1025,1562,1026,1549,1028,1029,1030,1124,1086,1031,1112,1539,1032,1515,1137,1261,1033,1038,793,1141,1042,1055,1080,1043,1144,1044,1045,1046,1571,1522,1089,1594,1047,1564,1048,1049,695,1555,1050,1051,1052,1494,1106,1053,1081,1147,1587,1082,1131,1123,1357,1083,1524,1597,1085,1088,1585,1091,1139,1129,1566,1092,1094,1095,1154,1096,1098,1117,1114,1126,1099,1101,1110,1113,1142,1115,1536,1135,1118,1125,1153,1127,1090,1309,1149,1492,1493,1496,1499,1505,1508,1517,1527,1520,1523,1528,1530,1533,1538,1541,1543,1545,1553,1558,1559,1567,1569,1583&#8243;][\/vc_column][\/vc_row]<\/p>\n<\/div>","protected":false},"excerpt":{"rendered":"<p>[vc_row margin_top=&#8221;-45&#8243; full_width_row=&#8221;true&#8221;][vc_column][vc_masonry_media_grid style=&#8221;lazy&#8221; element_width=&#8221;3&#8243; gap=&#8221;3&#8243; item=&#8221;897&#8243; grid_id=&#8221;vc_gid:1489429959092-5c131ebb-4824-0&#8243; include=&#8221;1228,1215,1506,1340,1512,1244,1324,1593,1296,1204,1197,1329,1590,1350,1338,1355,1577,1203,1591,1563,1315,1348,1500,1342,1210,1490,1319,1557,1300,1310,1291,1588,1322,1140,1339,1305,1207,1321,1302,1269,1287,1346,1579,1208,1358,1294,1232,1312,1320,1344,1592,1220,1198,1260,1205,1292,1206,1575,1249,1246,1333,1280,1196,1298,1219,1262,1138,1223,1231,1544,1281,1216,1317,1328,1323,1361,1195,1250,1293,1242,1221,1362,1275,1224,1264,1248,1353,1227,1258,1214,1352,1233,1239,1202,1200,1236,1270,1263,1306,1297,1318,1307,1337,1241,1229,1255,1327,1218,1343,1314,1222,1341,1278,1247,1595,1243,1326,1271,1213,1209,1267,1252,1245,1332,1256,1325,1295,1502,1211,1225,1253,1491,1274,1254,1507,1354,1199,1279,1556,1257,1334,1497,1582,1303,1574,1237,1347,1570,1238,1265,1364,1276,1217,1519,1331,1286,1510,1268,1240,1335,1513,1212,1547,1290,1226,1273,1251,1288,1526,1259,1194,1561,1316,1560,1235,1193,1272,1356,1584,1336,1301,702,1304,1311,704,1230,706,1345,710,1572,1330,712,705,1598,708,1367,1503,1266,1299,709,1034,1277,1201,1518,1568,711,1531,701,687,1162,1586,700,1289,1104,697,698,696,1363,1111,1313,694,693,715,1145,703,1121,1596,707,1516,692,691,690,689,688,1535,1511,686,685,1308,684,1151,725,1366,724,723,1589,722,1349,1105,721,720,1540,1159,716,717,1351,718,719,1097,732,1537,733,734,1550,1359,1148,735,736,1573,1132,1580,1504,1546,1122,737,738,1134,1548,739,740,1525,741,1360,1093,1103,744,1599,745,1365,1077,746,1120,1581,748,1521,1532,1143,1128,1529,749,1565,1578,1495,750,1234,1509,751,1551,1136,752,1498,753,784,1552,1514,785,1534,1501,1576,1133,786,1542,787,788,1152,789,1116,790,1130,791,792,1039,794,1084,38,1087,1554,39,49,306,305,699,1119,1100,1025,1562,1026,1549,1028,1029,1030,1124,1086,1031,1112,1539,1032,1515,1137,1261,1033,1038,793,1141,1042,1055,1080,1043,1144,1044,1045,1046,1571,1522,1089,1594,1047,1564,1048,1049,695,1555,1050,1051,1052,1494,1106,1053,1081,1147,1587,1082,1131,1123,1357,1083,1524,1597,1085,1088,1585,1091,1139,1129,1566,1092,1094,1095,1154,1096,1098,1117,1114,1126,1099,1101,1110,1113,1142,1115,1536,1135,1118,1125,1153,1127,1090,1309,1149,1492,1493,1496,1499,1505,1508,1517,1527,1520,1523,1528,1530,1533,1538,1541,1543,1545,1553,1558,1559,1567,1569,1583&#8243;][\/vc_column][\/vc_row]<\/p>\n","protected":false},"author":1,"featured_media":0,"parent":0,"menu_order":0,"comment_status":"closed","ping_status":"closed","template":"","meta":{"footnotes":""},"class_list":["post-1455","page","type-page","status-publish","hentry","description-off"],"yoast_head":"<!-- This site is optimized with the Yoast SEO plugin v27.3 - https:\/\/yoast.com\/product\/yoast-seo-wordpress\/ -->\n<title>Galer\u00eda fotogr\u00e1fica Marco Govel<\/title>\n<meta name=\"description\" content=\"Fotograf\u00edas Marco Govel galer\u00eda\" \/>\n<meta name=\"robots\" content=\"index, follow, max-snippet:-1, max-image-preview:large, max-video-preview:-1\" \/>\n<link rel=\"canonical\" href=\"http:\/\/marcogovel.com\/galeria-fotografica-marco-govel\/\" \/>\n<meta property=\"og:locale\" content=\"en_US\" \/>\n<meta property=\"og:type\" content=\"article\" \/>\n<meta property=\"og:title\" content=\"Galer\u00eda fotogr\u00e1fica Marco Govel\" \/>\n<meta property=\"og:description\" content=\"Fotograf\u00edas Marco Govel galer\u00eda\" \/>\n<meta property=\"og:url\" content=\"http:\/\/marcogovel.com\/galeria-fotografica-marco-govel\/\" \/>\n<meta property=\"og:site_name\" content=\"Marco Govel - Fotograf\u00eda\" \/>\n<meta property=\"article:modified_time\" content=\"2019-12-03T11:48:52+00:00\" \/>\n<meta name=\"twitter:card\" content=\"summary_large_image\" \/>\n<script type=\"application\/ld+json\" class=\"yoast-schema-graph\">{\"@context\":\"https:\\\/\\\/schema.org\",\"@graph\":[{\"@type\":\"WebPage\",\"@id\":\"http:\\\/\\\/marcogovel.com\\\/galeria-fotografica-marco-govel\\\/\",\"url\":\"http:\\\/\\\/marcogovel.com\\\/galeria-fotografica-marco-govel\\\/\",\"name\":\"Galer\u00eda fotogr\u00e1fica Marco Govel\",\"isPartOf\":{\"@id\":\"http:\\\/\\\/marcogovel.com\\\/#website\"},\"datePublished\":\"2016-09-28T22:45:35+00:00\",\"dateModified\":\"2019-12-03T11:48:52+00:00\",\"description\":\"Fotograf\u00edas Marco Govel galer\u00eda\",\"breadcrumb\":{\"@id\":\"http:\\\/\\\/marcogovel.com\\\/galeria-fotografica-marco-govel\\\/#breadcrumb\"},\"inLanguage\":\"en-US\",\"potentialAction\":[{\"@type\":\"ReadAction\",\"target\":[\"http:\\\/\\\/marcogovel.com\\\/galeria-fotografica-marco-govel\\\/\"]}]},{\"@type\":\"BreadcrumbList\",\"@id\":\"http:\\\/\\\/marcogovel.com\\\/galeria-fotografica-marco-govel\\\/#breadcrumb\",\"itemListElement\":[{\"@type\":\"ListItem\",\"position\":1,\"name\":\"Portada\",\"item\":\"http:\\\/\\\/marcogovel.com\\\/\"},{\"@type\":\"ListItem\",\"position\":2,\"name\":\"Galeria\"}]},{\"@type\":\"WebSite\",\"@id\":\"http:\\\/\\\/marcogovel.com\\\/#website\",\"url\":\"http:\\\/\\\/marcogovel.com\\\/\",\"name\":\"Marco Govel - Fotograf\u00eda\",\"description\":\"Fotografo\",\"potentialAction\":[{\"@type\":\"SearchAction\",\"target\":{\"@type\":\"EntryPoint\",\"urlTemplate\":\"http:\\\/\\\/marcogovel.com\\\/?s={search_term_string}\"},\"query-input\":{\"@type\":\"PropertyValueSpecification\",\"valueRequired\":true,\"valueName\":\"search_term_string\"}}],\"inLanguage\":\"en-US\"}]}<\/script>\n<!-- \/ Yoast SEO plugin. -->","yoast_head_json":{"title":"Galer\u00eda fotogr\u00e1fica Marco Govel","description":"Fotograf\u00edas Marco Govel galer\u00eda","robots":{"index":"index","follow":"follow","max-snippet":"max-snippet:-1","max-image-preview":"max-image-preview:large","max-video-preview":"max-video-preview:-1"},"canonical":"http:\/\/marcogovel.com\/galeria-fotografica-marco-govel\/","og_locale":"en_US","og_type":"article","og_title":"Galer\u00eda fotogr\u00e1fica Marco Govel","og_description":"Fotograf\u00edas Marco Govel galer\u00eda","og_url":"http:\/\/marcogovel.com\/galeria-fotografica-marco-govel\/","og_site_name":"Marco Govel - Fotograf\u00eda","article_modified_time":"2019-12-03T11:48:52+00:00","twitter_card":"summary_large_image","schema":{"@context":"https:\/\/schema.org","@graph":[{"@type":"WebPage","@id":"http:\/\/marcogovel.com\/galeria-fotografica-marco-govel\/","url":"http:\/\/marcogovel.com\/galeria-fotografica-marco-govel\/","name":"Galer\u00eda fotogr\u00e1fica Marco Govel","isPartOf":{"@id":"http:\/\/marcogovel.com\/#website"},"datePublished":"2016-09-28T22:45:35+00:00","dateModified":"2019-12-03T11:48:52+00:00","description":"Fotograf\u00edas Marco Govel galer\u00eda","breadcrumb":{"@id":"http:\/\/marcogovel.com\/galeria-fotografica-marco-govel\/#breadcrumb"},"inLanguage":"en-US","potentialAction":[{"@type":"ReadAction","target":["http:\/\/marcogovel.com\/galeria-fotografica-marco-govel\/"]}]},{"@type":"BreadcrumbList","@id":"http:\/\/marcogovel.com\/galeria-fotografica-marco-govel\/#breadcrumb","itemListElement":[{"@type":"ListItem","position":1,"name":"Portada","item":"http:\/\/marcogovel.com\/"},{"@type":"ListItem","position":2,"name":"Galeria"}]},{"@type":"WebSite","@id":"http:\/\/marcogovel.com\/#website","url":"http:\/\/marcogovel.com\/","name":"Marco Govel - Fotograf\u00eda","description":"Fotografo","potentialAction":[{"@type":"SearchAction","target":{"@type":"EntryPoint","urlTemplate":"http:\/\/marcogovel.com\/?s={search_term_string}"},"query-input":{"@type":"PropertyValueSpecification","valueRequired":true,"valueName":"search_term_string"}}],"inLanguage":"en-US"}]}},"_links":{"self":[{"href":"http:\/\/marcogovel.com\/en\/wp-json\/wp\/v2\/pages\/1455","targetHints":{"allow":["GET"]}}],"collection":[{"href":"http:\/\/marcogovel.com\/en\/wp-json\/wp\/v2\/pages"}],"about":[{"href":"http:\/\/marcogovel.com\/en\/wp-json\/wp\/v2\/types\/page"}],"author":[{"embeddable":true,"href":"http:\/\/marcogovel.com\/en\/wp-json\/wp\/v2\/users\/1"}],"replies":[{"embeddable":true,"href":"http:\/\/marcogovel.com\/en\/wp-json\/wp\/v2\/comments?post=1455"}],"version-history":[{"count":10,"href":"http:\/\/marcogovel.com\/en\/wp-json\/wp\/v2\/pages\/1455\/revisions"}],"predecessor-version":[{"id":1457,"href":"http:\/\/marcogovel.com\/en\/wp-json\/wp\/v2\/pages\/1455\/revisions\/1457"}],"wp:attachment":[{"href":"http:\/\/marcogovel.com\/en\/wp-json\/wp\/v2\/media?parent=1455"}],"curies":[{"name":"wp","href":"https:\/\/api.w.org\/{rel}","templated":true}]}}